{"id":1457,"date":"2025-10-21T10:23:19","date_gmt":"2025-10-21T10:23:19","guid":{"rendered":"https:\/\/integralbyivette.com\/?page_id=1457"},"modified":"2025-10-23T08:19:01","modified_gmt":"2025-10-23T08:19:01","slug":"politica-de-cookies","status":"publish","type":"page","link":"https:\/\/integralbyivette.com\/ca\/politica-de-cookies\/","title":{"rendered":"Pol\u00edtica de cookies"},"content":{"rendered":"<div data-elementor-type=\"wp-page\" data-elementor-id=\"1457\" class=\"elementor elementor-1457\">\n\t\t\t\t<div class=\"elementor-element elementor-element-de2ef7f e-flex e-con-boxed e-con e-parent\" data-id=\"de2ef7f\" data-element_type=\"container\" data-e-type=\"container\">\n\t\t\t\t\t<div class=\"e-con-inner\">\n\t\t\t\t<div class=\"elementor-element elementor-element-9dcb107 elementor-widget elementor-widget-text-editor\" data-id=\"9dcb107\" data-element_type=\"widget\" data-e-type=\"widget\" data-widget_type=\"text-editor.default\">\n\t\t\t\t\t\t\t\t\t<p><strong>\u00bfQu\u00e9 es la pol\u00edtica de cookies?<\/strong>&nbsp;Las cookies son archivos que se guardan en tu dispositivo al navegar. Este Sitio utiliza <strong>nom\u00e9s cookies t\u00e8cniques necess\u00e0ries<\/strong> per al seu funcionament i, <strong>opcionalment<\/strong>, cookies de <strong>anal\u00edtica<\/strong> si les acceptes al banner de consentiment.<\/p>\n<p><!-- \/wp:paragraph --><!-- wp:heading --><\/p>\n<h2 class=\"wp-block-heading\">1. Gesti\u00f3 del consentiment<\/h2>\n<p><!-- \/wp:heading --><!-- wp:paragraph --><\/p>\n<p>Veur\u00e0s un av\u00eds amb opcions de <strong>Acceptar<\/strong>, <strong>Rebutjar<\/strong> o <strong>Configurar<\/strong>. Pots canviar la teva elecci\u00f3 en qualsevol moment des del <strong>Centre de prefer\u00e8ncies<\/strong>.<\/p>\n<p><!-- \/wp:paragraph --><!-- wp:heading --><\/p>\n<h2 class=\"wp-block-heading\">2. Desactivar les cookies al navegador<\/h2>\n<p><!-- \/wp:heading --><!-- wp:paragraph --><\/p>\n<p>Pots bloquejar o eliminar les cookies des de la configuraci\u00f3 del navegador (Privacitat i seguretat &gt; Cookies i dades dels llocs). Algunes funcions podrien deixar d\u2019estar disponibles.<\/p>\n<p><!-- \/wp:paragraph --><!-- wp:heading --><\/p>\n<h2 class=\"wp-block-heading\">3. Contacte<\/h2>\n<p><!-- \/wp:heading --><!-- wp:paragraph --><\/p>\n<p>Dubtes sobre cookies o privacitat: ivette.dietintegrativa@gmail.com<\/p>\n<h3>Formulari de contacte<\/h3>\n<ul data-spread=\"false\">\n<li>\n<p><strong>Responsable:<\/strong> integral by ivette<\/p>\n<\/li>\n<li>\n<p><strong>Finalitat:<\/strong> atendre la teva sol\u00b7licitud i respondre el missatge.<\/p>\n<\/li>\n<li>\n<p><strong>Legitimaci\u00f3:<\/strong> el teu consentiment<\/p>\n<\/li>\n<li>\n<p><strong>Destinataris:<\/strong> encarregats necessaris (allotjament i correu). No es faran cessions excepte obligaci\u00f3 legal.<\/p>\n<\/li>\n<li>\n<p><strong>Drets:<\/strong> acc\u00e9s, rectificaci\u00f3, supressi\u00f3, etc., a <strong>ivette.dietintegrativa@gmail.com.<\/strong> M\u00e9s info a la <strong>Pol\u00edtica de Privacitat<\/strong>.<\/p>\n<\/li>\n<\/ul>\n<h3>Newsletter&nbsp;<\/h3>\n<ul data-spread=\"false\">\n<li>\n<p><strong>Responsable:<\/strong> integral by ivette<\/p>\n<\/li>\n<li>\n<p><strong>Finalitat:<\/strong> enviar-te continguts, novetats i recursos<\/p>\n<\/li>\n<li>\n<p><strong>Legitimaci\u00f3:<\/strong> el teu consentiment (et pots donar de baixa en qualsevol moment des del mateix correu).<\/p>\n<\/li>\n<li>\n<p><strong>Drets:<\/strong> acc\u00e9s, rectificaci\u00f3, supressi\u00f3, etc., a <strong>ivette.dietintegrativa@gmail.com.<\/strong> M\u00e9s info a la <strong>Pol\u00edtica de Privacitat<\/strong>.<\/p>\n<\/li>\n<\/ul>\n<p><!-- \/wp:paragraph --><!-- wp:heading --><\/p>\n<p><\/p>\n<p><!-- \/wp:paragraph --><!-- wp:heading --><\/p>\t\t\t\t\t\t\t\t<\/div>\n\t\t\t\t\t<\/div>\n\t\t\t\t<\/div>\n\t\t\t\t<\/div>","protected":false},"excerpt":{"rendered":"<p>\u00bfQu\u00e9 es la pol\u00edtica de cookies?&nbsp;Las cookies son archivos que se guardan en tu dispositivo al navegar. Este Sitio utiliza [&hellip;]<\/p>\n","protected":false},"author":1,"featured_media":0,"parent":0,"menu_order":0,"comment_status":"closed","ping_status":"closed","template":"","meta":{"site-sidebar-layout":"no-sidebar","site-content-layout":"","ast-site-content-layout":"full-width-container","site-content-style":"default","site-sidebar-style":"default","ast-global-header-display":"","ast-banner-title-visibility":"","ast-main-header-display":"","ast-hfb-above-header-display":"","ast-hfb-below-header-display":"","ast-hfb-mobile-header-display":"","site-post-title":"","ast-breadcrumbs-content":"","ast-featured-img":"disabled","footer-sml-layout":"","ast-disable-related-posts":"","theme-transparent-header-meta":"","adv-header-id-meta":"","stick-header-meta":"","header-above-stick-meta":"","header-main-stick-meta":"","header-below-stick-meta":"","astra-migrate-meta-layouts":"default","ast-page-background-enabled":"default","ast-page-background-meta":{"desktop":{"background-color":"var(--ast-global-color-5)","background-image":"","background-repeat":"repeat","background-position":"center center","background-size":"auto","background-attachment":"scroll","background-type":"","background-media":"","overlay-type":"","overlay-color":"","overlay-opacity":"","overlay-gradient":""},"tablet":{"background-color":"","background-image":"","background-repeat":"repeat","background-position":"center center","background-size":"auto","background-attachment":"scroll","background-type":"","background-media":"","overlay-type":"","overlay-color":"","overlay-opacity":"","overlay-gradient":""},"mobile":{"background-color":"","background-image":"","background-repeat":"repeat","background-position":"center center","background-size":"auto","background-attachment":"scroll","background-type":"","background-media":"","overlay-type":"","overlay-color":"","overlay-opacity":"","overlay-gradient":""}},"ast-content-background-meta":{"desktop":{"background-color":"var(--ast-global-color-4)","background-image":"","background-repeat":"repeat","background-position":"center center","background-size":"auto","background-attachment":"scroll","background-type":"","background-media":"","overlay-type":"","overlay-color":"","overlay-opacity":"","overlay-gradient":""},"tablet":{"background-color":"var(--ast-global-color-4)","background-image":"","background-repeat":"repeat","background-position":"center center","background-size":"auto","background-attachment":"scroll","background-type":"","background-media":"","overlay-type":"","overlay-color":"","overlay-opacity":"","overlay-gradient":""},"mobile":{"background-color":"var(--ast-global-color-4)","background-image":"","background-repeat":"repeat","background-position":"center center","background-size":"auto","background-attachment":"scroll","background-type":"","background-media":"","overlay-type":"","overlay-color":"","overlay-opacity":"","overlay-gradient":""}},"footnotes":""},"class_list":["post-1457","page","type-page","status-publish","hentry"],"_hostinger_reach_plugin_has_subscription_block":false,"_hostinger_reach_plugin_is_elementor":false,"_links":{"self":[{"href":"https:\/\/integralbyivette.com\/ca\/wp-json\/wp\/v2\/pages\/1457","targetHints":{"allow":["GET"]}}],"collection":[{"href":"https:\/\/integralbyivette.com\/ca\/wp-json\/wp\/v2\/pages"}],"about":[{"href":"https:\/\/integralbyivette.com\/ca\/wp-json\/wp\/v2\/types\/page"}],"author":[{"embeddable":true,"href":"https:\/\/integralbyivette.com\/ca\/wp-json\/wp\/v2\/users\/1"}],"replies":[{"embeddable":true,"href":"https:\/\/integralbyivette.com\/ca\/wp-json\/wp\/v2\/comments?post=1457"}],"version-history":[{"count":12,"href":"https:\/\/integralbyivette.com\/ca\/wp-json\/wp\/v2\/pages\/1457\/revisions"}],"predecessor-version":[{"id":1598,"href":"https:\/\/integralbyivette.com\/ca\/wp-json\/wp\/v2\/pages\/1457\/revisions\/1598"}],"wp:attachment":[{"href":"https:\/\/integralbyivette.com\/ca\/wp-json\/wp\/v2\/media?parent=1457"}],"curies":[{"name":"wp","href":"https:\/\/api.w.org\/{rel}","templated":true}]}}